{"id":22,"date":"2020-07-19T11:17:02","date_gmt":"2020-07-19T09:17:02","guid":{"rendered":"http:\/\/premieredatelier-couture.fr\/?page_id=22"},"modified":"2022-08-16T15:51:30","modified_gmt":"2022-08-16T13:51:30","slug":"presentation","status":"publish","type":"page","link":"https:\/\/premieredatelier-couture.fr\/?page_id=22","title":{"rendered":"Pr\u00e9sentation de l&#8217;atelier"},"content":{"rendered":"\t\t<div data-elementor-type=\"wp-page\" data-elementor-id=\"22\" class=\"elementor elementor-22\">\n\t\t\t\t\t\t<section class=\"elementor-section elementor-top-section elementor-element elementor-element-39639978 elementor-section-boxed elementor-section-height-default elementor-section-height-default\" data-id=\"39639978\" data-element_type=\"section\" data-e-type=\"section\">\n\t\t\t\t\t\t<div class=\"elementor-container elementor-column-gap-default\">\n\t\t\t\t\t<div class=\"elementor-column elementor-col-100 elementor-top-column elementor-element elementor-element-31edd75e\" data-id=\"31edd75e\" data-element_type=\"column\" data-e-type=\"column\">\n\t\t\t<div class=\"elementor-widget-wrap elementor-element-populated\">\n\t\t\t\t\t\t<div class=\"elementor-element elementor-element-5ba733db elementor-drop-cap-yes elementor-drop-cap-view-default elementor-widget elementor-widget-text-editor\" data-id=\"5ba733db\" data-element_type=\"widget\" data-e-type=\"widget\" data-settings=\"{&quot;drop_cap&quot;:&quot;yes&quot;}\" data-widget_type=\"text-editor.default\">\n\t\t\t\t<div class=\"elementor-widget-container\">\n\t\t\t\t\t\t\t\t\t<p><\/p>\n<p>Lorsque j&#8217;ai imagin\u00e9 cet atelier j&#8217;y ai vu un endroit plein de bonne humeur avec en fond sonore le bruit m\u00e9tallique des machines \u00e0 coudre.<\/p>\n<p>Cet atelier fonctionne selon 2 niveaux pour les adh\u00e9rentes. <br \/>Les adh\u00e9rentes d\u00e9butantes travaillerons sur un patron gratuit impos\u00e9 pour acqu\u00e9rir des bases et faciliter l&#8217;entraide.<br \/>Les adh\u00e9rentes plus exp\u00e9riment\u00e9es et autonomes pourront soit participer aux projets avec les d\u00e9butantes sur la base du m\u00eame patron, soit r\u00e9aliser leur projet en toute libert\u00e9. <\/p>\n<p>En fonction des besoin, je serai l\u00e0 pour vous accompagner dans votre projet.<\/p>\n<p>Vous trouverez dans ces ateliers des explications et des\u00a0 zoom techniques mais aussi de l&#8217;aide. Cet atelier a pour but de vous aider \u00e0 vous lancer ou vous perfectionner dans votre projet avec mon soutien ainsi que celui des autres participant(e)s.<\/p>\n<p>L&#8217;objectif est de cr\u00e9er dans la bonne humeur et partager un moment agr\u00e9able avec d&#8217;autre couturi\u00e8res motiv\u00e9es.<\/p>\n<p>Chaque participant(e) apportera son projet et son mat\u00e9riel essentiel pour travailler. Du mat\u00e9riel sera mis \u00e0 disposition par l&#8217;atelier en cas de besoin et une surjeteuse est en acc\u00e8s libre.<\/p>\n<p><\/p>\t\t\t\t\t\t\t\t<\/div>\n\t\t\t\t<\/div>\n\t\t\t\t\t<\/div>\n\t\t<\/div>\n\t\t\t\t\t<\/div>\n\t\t<\/section>\n\t\t\t\t<section class=\"elementor-section elementor-top-section elementor-element elementor-element-5d609be elementor-section-boxed elementor-section-height-default elementor-section-height-default\" data-id=\"5d609be\" data-element_type=\"section\" data-e-type=\"section\">\n\t\t\t\t\t\t<div class=\"elementor-container elementor-column-gap-default\">\n\t\t\t\t\t<div class=\"elementor-column elementor-col-100 elementor-top-column elementor-element elementor-element-6e2bc80\" data-id=\"6e2bc80\" data-element_type=\"column\" data-e-type=\"column\">\n\t\t\t<div class=\"elementor-widget-wrap elementor-element-populated\">\n\t\t\t\t\t\t<div class=\"elementor-element elementor-element-399b163 elementor-widget elementor-widget-image\" data-id=\"399b163\" data-element_type=\"widget\" data-e-type=\"widget\" data-widget_type=\"image.default\">\n\t\t\t\t<div class=\"elementor-widget-container\">\n\t\t\t\t\t\t\t\t\t\t\t\t\t\t\t<img fetchpriority=\"high\" decoding=\"async\" width=\"960\" height=\"604\" src=\"https:\/\/premieredatelier-couture.fr\/wp-content\/uploads\/2022\/08\/site_13-1024x644.jpg\" class=\"attachment-large size-large wp-image-477\" alt=\"\" srcset=\"https:\/\/premieredatelier-couture.fr\/wp-content\/uploads\/2022\/08\/site_13-1024x644.jpg 1024w, https:\/\/premieredatelier-couture.fr\/wp-content\/uploads\/2022\/08\/site_13-300x189.jpg 300w, https:\/\/premieredatelier-couture.fr\/wp-content\/uploads\/2022\/08\/site_13-768x483.jpg 768w, https:\/\/premieredatelier-couture.fr\/wp-content\/uploads\/2022\/08\/site_13-1536x966.jpg 1536w, https:\/\/premieredatelier-couture.fr\/wp-content\/uploads\/2022\/08\/site_13-2048x1288.jpg 2048w, https:\/\/premieredatelier-couture.fr\/wp-content\/uploads\/2022\/08\/site_13-1140x717.jpg 1140w, https:\/\/premieredatelier-couture.fr\/wp-content\/uploads\/2022\/08\/site_13-1320x830.jpg 1320w\" sizes=\"(max-width: 960px) 100vw, 960px\" \/>\t\t\t\t\t\t\t\t\t\t\t\t\t\t\t<\/div>\n\t\t\t\t<\/div>\n\t\t\t\t\t<\/div>\n\t\t<\/div>\n\t\t\t\t\t<\/div>\n\t\t<\/section>\n\t\t\t\t<section class=\"elementor-section elementor-top-section elementor-element elementor-element-65d082b elementor-section-boxed elementor-section-height-default elementor-section-height-default\" data-id=\"65d082b\" data-element_type=\"section\" data-e-type=\"section\">\n\t\t\t\t\t\t<div class=\"elementor-container elementor-column-gap-default\">\n\t\t\t\t\t<div class=\"elementor-column elementor-col-100 elementor-top-column elementor-element elementor-element-7600a8b\" data-id=\"7600a8b\" data-element_type=\"column\" data-e-type=\"column\">\n\t\t\t<div class=\"elementor-widget-wrap elementor-element-populated\">\n\t\t\t\t\t\t<div class=\"elementor-element elementor-element-6ff450e elementor-widget elementor-widget-image\" data-id=\"6ff450e\" data-element_type=\"widget\" data-e-type=\"widget\" data-widget_type=\"image.default\">\n\t\t\t\t<div class=\"elementor-widget-container\">\n\t\t\t\t\t\t\t\t\t\t\t\t\t\t\t<img decoding=\"async\" width=\"960\" height=\"720\" src=\"https:\/\/premieredatelier-couture.fr\/wp-content\/uploads\/2022\/08\/site_4-1024x768.jpg\" class=\"attachment-large size-large wp-image-468\" alt=\"\" srcset=\"https:\/\/premieredatelier-couture.fr\/wp-content\/uploads\/2022\/08\/site_4-1024x768.jpg 1024w, https:\/\/premieredatelier-couture.fr\/wp-content\/uploads\/2022\/08\/site_4-300x225.jpg 300w, https:\/\/premieredatelier-couture.fr\/wp-content\/uploads\/2022\/08\/site_4-768x576.jpg 768w, https:\/\/premieredatelier-couture.fr\/wp-content\/uploads\/2022\/08\/site_4-1536x1152.jpg 1536w, https:\/\/premieredatelier-couture.fr\/wp-content\/uploads\/2022\/08\/site_4-2048x1536.jpg 2048w, https:\/\/premieredatelier-couture.fr\/wp-content\/uploads\/2022\/08\/site_4-1140x855.jpg 1140w, https:\/\/premieredatelier-couture.fr\/wp-content\/uploads\/2022\/08\/site_4-1320x990.jpg 1320w\" sizes=\"(max-width: 960px) 100vw, 960px\" \/>\t\t\t\t\t\t\t\t\t\t\t\t\t\t\t<\/div>\n\t\t\t\t<\/div>\n\t\t\t\t\t<\/div>\n\t\t<\/div>\n\t\t\t\t\t<\/div>\n\t\t<\/section>\n\t\t\t\t<\/div>\n\t\t","protected":false},"excerpt":{"rendered":"<p>Lorsque j&#8217;ai imagin\u00e9 cet atelier j&#8217;y ai vu un endroit plein de bonne humeur avec en fond sonore le bruit m\u00e9tallique des machines \u00e0 coudre. Cet atelier fonctionne selon 2 niveaux pour les adh\u00e9rentes. Les adh\u00e9rentes d\u00e9butantes travaillerons sur un patron gratuit impos\u00e9 pour acqu\u00e9rir des bases et faciliter l&#8217;entraide.Les adh\u00e9rentes plus exp\u00e9riment\u00e9es et autonomes pourront soit participer aux projets avec les d\u00e9butantes sur la base du m\u00eame patron, soit r\u00e9aliser leur projet en toute libert\u00e9. En fonction des besoin, je serai l\u00e0 pour vous accompagner dans votre projet. Vous trouverez dans ces ateliers des explications et des\u00a0 zoom techniques mais aussi de l&#8217;aide. Cet atelier a pour but de vous aider \u00e0 vous lancer ou vous perfectionner dans votre projet avec mon soutien ainsi que celui des autres participant(e)s. L&#8217;objectif est de cr\u00e9er dans la bonne humeur et partager un moment agr\u00e9able avec d&#8217;autre couturi\u00e8res motiv\u00e9es. Chaque participant(e) apportera son projet et son mat\u00e9riel essentiel pour travailler. Du mat\u00e9riel sera mis \u00e0 disposition par l&#8217;atelier en cas de besoin et une surjeteuse est en acc\u00e8s libre.<\/p>\n","protected":false},"author":1,"featured_media":0,"parent":0,"menu_order":0,"comment_status":"closed","ping_status":"closed","template":"","meta":{"footnotes":""},"class_list":["post-22","page","type-page","status-publish","hentry"],"jetpack_sharing_enabled":true,"_links":{"self":[{"href":"https:\/\/premieredatelier-couture.fr\/index.php?rest_route=\/wp\/v2\/pages\/22","targetHints":{"allow":["GET"]}}],"collection":[{"href":"https:\/\/premieredatelier-couture.fr\/index.php?rest_route=\/wp\/v2\/pages"}],"about":[{"href":"https:\/\/premieredatelier-couture.fr\/index.php?rest_route=\/wp\/v2\/types\/page"}],"author":[{"embeddable":true,"href":"https:\/\/premieredatelier-couture.fr\/index.php?rest_route=\/wp\/v2\/users\/1"}],"replies":[{"embeddable":true,"href":"https:\/\/premieredatelier-couture.fr\/index.php?rest_route=%2Fwp%2Fv2%2Fcomments&post=22"}],"version-history":[{"count":11,"href":"https:\/\/premieredatelier-couture.fr\/index.php?rest_route=\/wp\/v2\/pages\/22\/revisions"}],"predecessor-version":[{"id":486,"href":"https:\/\/premieredatelier-couture.fr\/index.php?rest_route=\/wp\/v2\/pages\/22\/revisions\/486"}],"wp:attachment":[{"href":"https:\/\/premieredatelier-couture.fr\/index.php?rest_route=%2Fwp%2Fv2%2Fmedia&parent=22"}],"curies":[{"name":"wp","href":"https:\/\/api.w.org\/{rel}","templated":true}]}}